{"id":524,"date":"2020-09-14T11:37:15","date_gmt":"2020-09-14T08:37:15","guid":{"rendered":"https:\/\/priipalu.ee\/?page_id=524"},"modified":"2024-01-30T20:51:05","modified_gmt":"2024-01-30T18:51:05","slug":"raja-reeglid","status":"publish","type":"page","link":"https:\/\/priipalu.ee\/index.php\/raja-reeglid\/","title":{"rendered":"Raja reeglid"},"content":{"rendered":"\n<div class=\"wp-block-themeisle-blocks-advanced-columns has-1-columns has-desktop-equal-layout has-tablet-equal-layout has-mobile-equal-layout has-default-gap has-vertical-unset\" id=\"wp-block-themeisle-blocks-advanced-columns-a55b2b1d\"><div class=\"wp-block-themeisle-blocks-advanced-columns-overlay\"><\/div><div class=\"innerblocks-wrap\">\n<div class=\"wp-block-themeisle-blocks-advanced-column\" id=\"wp-block-themeisle-blocks-advanced-column-b5e731bb\">\n<p><strong>S\u00d5ITMINE RAJAL<\/strong><\/p>\n\n\n\n<ul class=\"wp-block-list\"><li>Veendu enda ja teiste turvalisuses<\/li><li>Tahtlikud rammimised\/kokkup\u00f5rked on lubamatud\/keelatud<\/li><li>Kohustatud j\u00e4lgima julgestusmeeskonna m\u00e4rguandeid<\/li><li>Alko\/ravimite\/m\u00f5nuainete m\u00f5jul rajal s\u00f5itmine rangelt keelatud<\/li><li>Rajal katkestav juht, peab veenduma autost v\u00e4lja tulles enda ja teiste ohutuses ning j\u00e4rgima kohtuniku m\u00e4rguandeid<\/li><\/ul>\n\n\n\n<p><strong>S\u00d5ITJA VARUSTUS<\/strong><\/p>\n\n\n\n<ul class=\"wp-block-list\"><li>Puuvillane riietus (nt ehitust\u00f6\u00f6 riided) NB! Talvel vastavalt ilmaoludele<\/li><li>Kindad<\/li><li>Prillid (juhul kui esiaken m\u00f5rane,puru, puudu)<\/li><li>Kiiver (jalgratta kiiver j\u00e4\u00e4gu jalgrattale)<\/li><li>Rihmad (v\u00f5ib olla auto originaal turvarihm)<\/li><li>Jalan\u00f5ud kinnised ( pl\u00e4tud ja rihmikud ei sobi)<\/li><\/ul>\n\n\n\n<p><strong>AUTOKERE<\/strong><\/p>\n\n\n\n<ul class=\"wp-block-list\"><li>Soovituslik on kasutada auto originaal kere ja varustust<\/li><li>Klaaside puudumisel katta akna avad metallv\u00f5rguga<\/li><li><strong>TAGATULED: <\/strong><mark><strong>Kaks (2) pidurituld ja v\u00e4hemalt \u00fcks (1) gabariittuli, N\u00c4HTAVAL!<\/strong><\/mark><\/li><li>Esituled on soovituslik eemaldada<\/li><li>Autostange originaal v\u00f5i esiraam talade vahele metall kuni 50&#215;50<\/li><li>Autol ei tohi olla v\u00e4ljaulatuvaid, l\u00f5ikavaid, teravaid \u00e4\u00e4ri, servi<\/li><li>Porikaitsmed paigaldada tugevalt ja v\u00f5imalikult maapinna l\u00e4hedale vedavale sillale<\/li><li><mark>Paak originaalkoht, kuid kui autos sees peab olema tugevalt kinnitatud ja kaetud (kanistrid ning muud ohtlikud anumad keelatud)<\/mark><\/li><li><mark>Radiaator originaalkoht, kuid kui autos sees peab olema \u00fchendatud metalltorudega v\u00f5i selleks etten\u00e4htud kummil\u00f5dvikutega (keelatud kasutada plasttorusi nt PEM toru)<\/mark><\/li><li>Katuseluugi olemasolul peab olema eemaldatud klaas ja kaetud ava v\u00e4hemalt 1 mm plekiga<\/li><li>V\u00f5istlusnumber paigaldatakse auto k\u00fclje peale( kui puudub aken siis ukse k\u00fclge), number antakse korraldaja poolt (eelreganud saavad ise numbri valida)<\/li><li>Summuti koht algne, p\u00f5hja all<\/li><li>Rehvid on vastavalt korraldaja otsusele, olenevalt aastaajast. <mark>NB! Piigid, poltrehvid ja muud ohtlikud rehvid on keelatud.<\/mark><\/li><li>Autole on keelatud paigaldada kere gabariitidest v\u00e4lja ulatuvaid p\u00f5rkeraudu v\u00f5i muid metallkonstruktsioone.<\/li><li>Autos peab olema kasutusk\u00f5lblik tulekustuti, v\u00e4hemalt 1kg<\/li><\/ul>\n\n\n\n<p><strong>MUUD REEGLID<\/strong><\/p>\n\n\n\n<ul class=\"wp-block-list\"><li>Kaass\u00f5itja on keelatud, va naistel ning alla 18 aastastel.<\/li><li>Kaass\u00f5itjale kehtivad k\u00f5ik samad n\u00f5uded<\/li><li>Pealtvaatajatel on keelatud rajal viibida v\u00f5istluse ajal, samuti on keelatud aidata rajal v\u00f5istluses osalevaid autosi.<\/li><li>Pealtvaatajad peavad j\u00e4rgima julgestusmeeskonna juhiseid ning k\u00e4ituma vastavalt nende poolt antud korraldustele!<\/li><li>Korraldajal on \u00f5igus mitte rajale lubada auto\/juht, mis\/kes ei vasta n\u00f5uetele<\/li><li>Pealtvaatajatel ning s\u00f5itjatel on keelatud viibida meeskonnaliikmete alal, millel on ka vastavad t\u00e4hised.<\/li><\/ul>\n<\/div>\n<\/div><\/div>\n","protected":false},"excerpt":{"rendered":"","protected":false},"author":1,"featured_media":0,"parent":0,"menu_order":4,"comment_status":"closed","ping_status":"closed","template":"","meta":{"footnotes":""},"class_list":["post-524","page","type-page","status-publish","hentry"],"_links":{"self":[{"href":"https:\/\/priipalu.ee\/index.php\/wp-json\/wp\/v2\/pages\/524","targetHints":{"allow":["GET"]}}],"collection":[{"href":"https:\/\/priipalu.ee\/index.php\/wp-json\/wp\/v2\/pages"}],"about":[{"href":"https:\/\/priipalu.ee\/index.php\/wp-json\/wp\/v2\/types\/page"}],"author":[{"embeddable":true,"href":"https:\/\/priipalu.ee\/index.php\/wp-json\/wp\/v2\/users\/1"}],"replies":[{"embeddable":true,"href":"https:\/\/priipalu.ee\/index.php\/wp-json\/wp\/v2\/comments?post=524"}],"version-history":[{"count":2,"href":"https:\/\/priipalu.ee\/index.php\/wp-json\/wp\/v2\/pages\/524\/revisions"}],"predecessor-version":[{"id":534,"href":"https:\/\/priipalu.ee\/index.php\/wp-json\/wp\/v2\/pages\/524\/revisions\/534"}],"wp:attachment":[{"href":"https:\/\/priipalu.ee\/index.php\/wp-json\/wp\/v2\/media?parent=524"}],"curies":[{"name":"wp","href":"https:\/\/api.w.org\/{rel}","templated":true}]}}